{"id":27,"date":"2025-06-18T16:36:47","date_gmt":"2025-06-18T19:36:47","guid":{"rendered":"https:\/\/sradvogados.adv.br\/?page_id=27"},"modified":"2025-06-18T17:46:39","modified_gmt":"2025-06-18T20:46:39","slug":"home","status":"publish","type":"page","link":"https:\/\/sradvogados.adv.br\/","title":{"rendered":"Home"},"content":{"rendered":"\t\t<div data-elementor-type=\"wp-page\" data-elementor-id=\"27\" class=\"elementor elementor-27\" data-elementor-post-type=\"page\">\n\t\t\t\t\t\t<section class=\"elementor-section elementor-top-section elementor-element elementor-element-6d7b8d3 elementor-section-boxed elementor-section-height-default elementor-section-height-default\" data-id=\"6d7b8d3\" data-element_type=\"section\" data-settings=\"{&quot;background_background&quot;:&quot;classic&quot;}\">\n\t\t\t\t\t\t<div class=\"elementor-container elementor-column-gap-default\">\n\t\t\t\t\t<div class=\"elementor-column elementor-col-100 elementor-top-column elementor-element elementor-element-8a0a1f8\" data-id=\"8a0a1f8\" data-element_type=\"column\">\n\t\t\t<div class=\"elementor-widget-wrap elementor-element-populated\">\n\t\t\t\t\t\t<div class=\"elementor-element elementor-element-c396292 elementor-widget elementor-widget-heading\" data-id=\"c396292\" data-element_type=\"widget\" data-widget_type=\"heading.default\">\n\t\t\t\t<div class=\"elementor-widget-container\">\n\t\t\t\t\t<h1 class=\"elementor-heading-title elementor-size-default\">SR ADVOGADOS\n\n<\/h1>\t\t\t\t<\/div>\n\t\t\t\t<\/div>\n\t\t\t\t<div class=\"elementor-element elementor-element-fefe85d elementor-widget elementor-widget-heading\" data-id=\"fefe85d\" data-element_type=\"widget\" data-widget_type=\"heading.default\">\n\t\t\t\t<div class=\"elementor-widget-container\">\n\t\t\t\t\t<h1 class=\"elementor-heading-title elementor-size-default\">ADVOCACIA EMPRESARIAL EFICAZ, OBJETIVA E COMPROMETIDA.<\/h1>\t\t\t\t<\/div>\n\t\t\t\t<\/div>\n\t\t\t\t<div class=\"elementor-element elementor-element-1b5c442 elementor-widget elementor-widget-button\" data-id=\"1b5c442\" data-element_type=\"widget\" data-widget_type=\"button.default\">\n\t\t\t\t<div class=\"elementor-widget-container\">\n\t\t\t\t\t\t\t\t\t<div class=\"elementor-button-wrapper\">\n\t\t\t\t\t<a class=\"elementor-button elementor-button-link elementor-size-sm\" href=\"http:\/\/sradvogados.adv.br\/wp-content\/uploads\/2025\/06\/folder_top_web.pdf\" target=\"_blank\">\n\t\t\t\t\t\t<span class=\"elementor-button-content-wrapper\">\n\t\t\t\t\t\t\t\t\t<span class=\"elementor-button-text\">Portif\u00f3lio<\/span>\n\t\t\t\t\t<\/span>\n\t\t\t\t\t<\/a>\n\t\t\t\t<\/div>\n\t\t\t\t\t\t\t\t<\/div>\n\t\t\t\t<\/div>\n\t\t\t\t\t<\/div>\n\t\t<\/div>\n\t\t\t\t\t<\/div>\n\t\t<\/section>\n\t\t\t\t<section class=\"elementor-section elementor-top-section elementor-element elementor-element-1fa4720 elementor-section-boxed elementor-section-height-default elementor-section-height-default\" data-id=\"1fa4720\" data-element_type=\"section\" data-settings=\"{&quot;background_background&quot;:&quot;gradient&quot;}\">\n\t\t\t\t\t\t<div class=\"elementor-container elementor-column-gap-default\">\n\t\t\t\t\t<div class=\"elementor-column elementor-col-100 elementor-top-column elementor-element elementor-element-48ccfa3\" data-id=\"48ccfa3\" data-element_type=\"column\">\n\t\t\t<div class=\"elementor-widget-wrap elementor-element-populated\">\n\t\t\t\t\t\t<div class=\"elementor-element elementor-element-e0ca3fa elementor-widget elementor-widget-heading\" data-id=\"e0ca3fa\" data-element_type=\"widget\" data-widget_type=\"heading.default\">\n\t\t\t\t<div class=\"elementor-widget-container\">\n\t\t\t\t\t<h1 class=\"elementor-heading-title elementor-size-default\">Quem Somos<\/h1>\t\t\t\t<\/div>\n\t\t\t\t<\/div>\n\t\t\t\t\t<\/div>\n\t\t<\/div>\n\t\t\t\t\t<\/div>\n\t\t<\/section>\n\t\t\t\t<section class=\"elementor-section elementor-top-section elementor-element elementor-element-b3fa057 elementor-section-boxed elementor-section-height-default elementor-section-height-default\" data-id=\"b3fa057\" data-element_type=\"section\">\n\t\t\t\t\t\t<div class=\"elementor-container elementor-column-gap-default\">\n\t\t\t\t\t<div class=\"elementor-column elementor-col-50 elementor-top-column elementor-element elementor-element-0ce65df\" data-id=\"0ce65df\" data-element_type=\"column\">\n\t\t\t<div class=\"elementor-widget-wrap elementor-element-populated\">\n\t\t\t\t\t\t<div class=\"elementor-element elementor-element-0a11c43 elementor-widget elementor-widget-text-editor\" data-id=\"0a11c43\" data-element_type=\"widget\" data-widget_type=\"text-editor.default\">\n\t\t\t\t<div class=\"elementor-widget-container\">\n\t\t\t\t\t\t\t\t\t<p>Somos um escrit\u00f3rio de Advocacia Empresarial abrangente, com atua\u00e7\u00e3o tanto no contencioso de massa, como no contencioso espec\u00edfico e consultivo, com um quadro societ\u00e1rio ativo e atuante junto a clientes, f\u00f3runs e tribunais.<\/p><p>Com estrutura s\u00f3lida e competente para atender as demandas empresariais nas diversas \u00e1reas do Direito, estamos aptos e qualificados para prestar servi\u00e7os e atendimento \u00e0s empresas de pequeno, m\u00e9dio e grande porte, independente dos respectivos segmentos.<\/p><p>Neste contexto, proporcionamos tr\u00eas frentes de atua\u00e7\u00e3o, que s\u00e3o: a consultiva, compreendendo tamb\u00e9m negocia\u00e7\u00f5es; a preventiva, com orienta\u00e7\u00f5es e an\u00e1lises; e a contenciosa com o desenvolvimento do trabalho no Poder Judici\u00e1rio, em todas as inst\u00e2ncias.<\/p><p>Alcan\u00e7amos altos \u00edndices de satisfa\u00e7\u00e3o quanto aos objetivos tra\u00e7ados por conta de uma equipe de grande qualidade t\u00e9cnica, que se atualiza constantemente sobre os mais recentes entendimentos dos tribunais e doutrin\u00e1rios.<\/p>\t\t\t\t\t\t\t\t<\/div>\n\t\t\t\t<\/div>\n\t\t\t\t\t<\/div>\n\t\t<\/div>\n\t\t\t\t<div class=\"elementor-column elementor-col-50 elementor-top-column elementor-element elementor-element-4af733c\" data-id=\"4af733c\" data-element_type=\"column\">\n\t\t\t<div class=\"elementor-widget-wrap elementor-element-populated\">\n\t\t\t\t\t\t<div class=\"elementor-element elementor-element-4ec0408 elementor-widget elementor-widget-image-carousel\" data-id=\"4ec0408\" data-element_type=\"widget\" data-settings=\"{&quot;slides_to_show&quot;:&quot;1&quot;,&quot;navigation&quot;:&quot;none&quot;,&quot;autoplay&quot;:&quot;yes&quot;,&quot;pause_on_hover&quot;:&quot;yes&quot;,&quot;pause_on_interaction&quot;:&quot;yes&quot;,&quot;autoplay_speed&quot;:5000,&quot;infinite&quot;:&quot;yes&quot;,&quot;effect&quot;:&quot;slide&quot;,&quot;speed&quot;:500}\" data-widget_type=\"image-carousel.default\">\n\t\t\t\t<div class=\"elementor-widget-container\">\n\t\t\t\t\t\t\t<div class=\"elementor-image-carousel-wrapper swiper\" role=\"region\" aria-roledescription=\"carousel\" aria-label=\"Carrossel de imagens\" dir=\"ltr\">\n\t\t\t<div class=\"elementor-image-carousel swiper-wrapper\" aria-live=\"off\">\n\t\t\t\t\t\t\t\t<div class=\"swiper-slide\" role=\"group\" aria-roledescription=\"slide\" aria-label=\"1 of 4\"><figure class=\"swiper-slide-inner\"><img decoding=\"async\" class=\"swiper-slide-image\" src=\"https:\/\/sradvogados.adv.br\/wp-content\/uploads\/2025\/06\/IMG_9498-845x684-1.jpg\" alt=\"IMG_9498-845x684\" \/><\/figure><\/div><div class=\"swiper-slide\" role=\"group\" aria-roledescription=\"slide\" aria-label=\"2 of 4\"><figure class=\"swiper-slide-inner\"><img decoding=\"async\" class=\"swiper-slide-image\" src=\"https:\/\/sradvogados.adv.br\/wp-content\/uploads\/2025\/06\/IMG_93452-845x684-1.jpg\" alt=\"IMG_93452-845x684\" \/><\/figure><\/div><div class=\"swiper-slide\" role=\"group\" aria-roledescription=\"slide\" aria-label=\"3 of 4\"><figure class=\"swiper-slide-inner\"><img decoding=\"async\" class=\"swiper-slide-image\" src=\"https:\/\/sradvogados.adv.br\/wp-content\/uploads\/2025\/06\/WhatsApp-Image-2022-03-08-at-12.19.20-845x684-1.jpeg\" alt=\"WhatsApp-Image-2022-03-08-at-12.19.20-845x684\" \/><\/figure><\/div><div class=\"swiper-slide\" role=\"group\" aria-roledescription=\"slide\" aria-label=\"4 of 4\"><figure class=\"swiper-slide-inner\"><img decoding=\"async\" class=\"swiper-slide-image\" src=\"https:\/\/sradvogados.adv.br\/wp-content\/uploads\/2025\/06\/WhatsApp-Image-2022-03-08-at-12.22.35-845x684-1.jpeg\" alt=\"WhatsApp-Image-2022-03-08-at-12.22.35-845x684\" \/><\/figure><\/div>\t\t\t<\/div>\n\t\t\t\t\t\t\t\n\t\t\t\t\t\t\t\t\t<\/div>\n\t\t\t\t\t\t<\/div>\n\t\t\t\t<\/div>\n\t\t\t\t<div class=\"elementor-element elementor-element-f4c3deb elementor-widget elementor-widget-text-editor\" data-id=\"f4c3deb\" data-element_type=\"widget\" data-widget_type=\"text-editor.default\">\n\t\t\t\t<div class=\"elementor-widget-container\">\n\t\t\t\t\t\t\t\t\t<p><strong>SR ADVOGADOS\u00a0<\/strong>exerce uma advocacia pautada na seriedade, qualidade e resultado.<\/p>\t\t\t\t\t\t\t\t<\/div>\n\t\t\t\t<\/div>\n\t\t\t\t\t<\/div>\n\t\t<\/div>\n\t\t\t\t\t<\/div>\n\t\t<\/section>\n\t\t\t\t<section class=\"elementor-section elementor-top-section elementor-element elementor-element-a16f090 elementor-section-boxed elementor-section-height-default elementor-section-height-default\" data-id=\"a16f090\" data-element_type=\"section\" data-settings=\"{&quot;background_background&quot;:&quot;gradient&quot;}\">\n\t\t\t\t\t\t<div class=\"elementor-container elementor-column-gap-default\">\n\t\t\t\t\t<div class=\"elementor-column elementor-col-100 elementor-top-column elementor-element elementor-element-59c5adf\" data-id=\"59c5adf\" data-element_type=\"column\">\n\t\t\t<div class=\"elementor-widget-wrap elementor-element-populated\">\n\t\t\t\t\t\t<div class=\"elementor-element elementor-element-a53f16b elementor-widget elementor-widget-heading\" data-id=\"a53f16b\" data-element_type=\"widget\" data-widget_type=\"heading.default\">\n\t\t\t\t<div class=\"elementor-widget-container\">\n\t\t\t\t\t<h2 class=\"elementor-heading-title elementor-size-default\">Clientes e Experi\u00eancias\n<\/h2>\t\t\t\t<\/div>\n\t\t\t\t<\/div>\n\t\t\t\t\t<\/div>\n\t\t<\/div>\n\t\t\t\t\t<\/div>\n\t\t<\/section>\n\t\t\t\t<section class=\"elementor-section elementor-top-section elementor-element elementor-element-2de5cf8 elementor-section-boxed elementor-section-height-default elementor-section-height-default\" data-id=\"2de5cf8\" data-element_type=\"section\" data-settings=\"{&quot;background_background&quot;:&quot;gradient&quot;}\">\n\t\t\t\t\t\t<div class=\"elementor-container elementor-column-gap-default\">\n\t\t\t\t\t<div class=\"elementor-column elementor-col-100 elementor-top-column elementor-element elementor-element-842d15a\" data-id=\"842d15a\" data-element_type=\"column\">\n\t\t\t<div class=\"elementor-widget-wrap elementor-element-populated\">\n\t\t\t\t\t\t<div class=\"elementor-element elementor-element-b8ec982 elementor-widget elementor-widget-heading\" data-id=\"b8ec982\" data-element_type=\"widget\" data-widget_type=\"heading.default\">\n\t\t\t\t<div class=\"elementor-widget-container\">\n\t\t\t\t\t<h2 class=\"elementor-heading-title elementor-size-default\">Localiza\u00e7\u00e3o\n<\/h2>\t\t\t\t<\/div>\n\t\t\t\t<\/div>\n\t\t\t\t\t<\/div>\n\t\t<\/div>\n\t\t\t\t\t<\/div>\n\t\t<\/section>\n\t\t\t\t<section class=\"elementor-section elementor-top-section elementor-element elementor-element-73d2469 elementor-section-full_width elementor-section-height-default elementor-section-height-default\" data-id=\"73d2469\" data-element_type=\"section\">\n\t\t\t\t\t\t<div class=\"elementor-container elementor-column-gap-no\">\n\t\t\t\t\t<div class=\"elementor-column elementor-col-100 elementor-top-column elementor-element elementor-element-1d9ae94\" data-id=\"1d9ae94\" data-element_type=\"column\">\n\t\t\t<div class=\"elementor-widget-wrap elementor-element-populated\">\n\t\t\t\t\t\t<div class=\"elementor-element elementor-element-f8d6e8a elementor-widget elementor-widget-google_maps\" data-id=\"f8d6e8a\" data-element_type=\"widget\" data-widget_type=\"google_maps.default\">\n\t\t\t\t<div class=\"elementor-widget-container\">\n\t\t\t\t\t\t\t<div class=\"elementor-custom-embed\">\n\t\t\t<iframe loading=\"lazy\"\n\t\t\t\t\tsrc=\"https:\/\/maps.google.com\/maps?q=Av.%20Brigadeiro%20Faria%20Lima%2C%202927&#038;t=m&#038;z=17&#038;output=embed&#038;iwloc=near\"\n\t\t\t\t\ttitle=\"Av. Brigadeiro Faria Lima, 2927\"\n\t\t\t\t\taria-label=\"Av. Brigadeiro Faria Lima, 2927\"\n\t\t\t><\/iframe>\n\t\t<\/div>\n\t\t\t\t\t\t<\/div>\n\t\t\t\t<\/div>\n\t\t\t\t\t<\/div>\n\t\t<\/div>\n\t\t\t\t\t<\/div>\n\t\t<\/section>\n\t\t\t\t<\/div>\n\t\t","protected":false},"excerpt":{"rendered":"<p>SR ADVOGADOS ADVOCACIA EMPRESARIAL EFICAZ, OBJETIVA E COMPROMETIDA. Portif\u00f3lio Quem Somos Somos um escrit\u00f3rio de Advocacia Empresarial abrangente, com atua\u00e7\u00e3o tanto no contencioso de massa, como no contencioso espec\u00edfico e consultivo, com um quadro societ\u00e1rio ativo e atuante junto a clientes, f\u00f3runs e tribunais. Com estrutura s\u00f3lida e competente para atender as demandas empresariais nas [&hellip;]<\/p>\n","protected":false},"author":1,"featured_media":0,"parent":0,"menu_order":0,"comment_status":"closed","ping_status":"closed","template":"","meta":{"footnotes":""},"class_list":["post-27","page","type-page","status-publish","hentry"],"yoast_head":"<!-- This site is optimized with the Yoast SEO plugin v25.3.1 - https:\/\/yoast.com\/wordpress\/plugins\/seo\/ -->\n<title>Home - Sradvogados<\/title>\n<meta name=\"robots\" content=\"index, follow, max-snippet:-1, max-image-preview:large, max-video-preview:-1\" \/>\n<link rel=\"canonical\" href=\"http:\/\/sradvogados.adv.br\/\" \/>\n<meta property=\"og:locale\" content=\"en_US\" \/>\n<meta property=\"og:type\" content=\"article\" \/>\n<meta property=\"og:title\" content=\"Home - Sradvogados\" \/>\n<meta property=\"og:description\" content=\"SR ADVOGADOS ADVOCACIA EMPRESARIAL EFICAZ, OBJETIVA E COMPROMETIDA. Portif\u00f3lio Quem Somos Somos um escrit\u00f3rio de Advocacia Empresarial abrangente, com atua\u00e7\u00e3o tanto no contencioso de massa, como no contencioso espec\u00edfico e consultivo, com um quadro societ\u00e1rio ativo e atuante junto a clientes, f\u00f3runs e tribunais. Com estrutura s\u00f3lida e competente para atender as demandas empresariais nas [&hellip;]\" \/>\n<meta property=\"og:url\" content=\"http:\/\/sradvogados.adv.br\/\" \/>\n<meta property=\"og:site_name\" content=\"Sradvogados\" \/>\n<meta property=\"article:modified_time\" content=\"2025-06-18T20:46:39+00:00\" \/>\n<meta property=\"og:image\" content=\"http:\/\/sradvogados.adv.br\/wp-content\/uploads\/2025\/06\/IMG_9498-845x684-1.jpg\" \/>\n<meta name=\"twitter:card\" content=\"summary_large_image\" \/>\n<meta name=\"twitter:label1\" content=\"Est. reading time\" \/>\n\t<meta name=\"twitter:data1\" content=\"3 minutes\" \/>\n<script type=\"application\/ld+json\" class=\"yoast-schema-graph\">{\"@context\":\"https:\/\/schema.org\",\"@graph\":[{\"@type\":\"WebPage\",\"@id\":\"http:\/\/sradvogados.adv.br\/\",\"url\":\"http:\/\/sradvogados.adv.br\/\",\"name\":\"Home - Sradvogados\",\"isPartOf\":{\"@id\":\"http:\/\/sradvogados.adv.br\/#website\"},\"primaryImageOfPage\":{\"@id\":\"http:\/\/sradvogados.adv.br\/#primaryimage\"},\"image\":{\"@id\":\"http:\/\/sradvogados.adv.br\/#primaryimage\"},\"thumbnailUrl\":\"http:\/\/sradvogados.adv.br\/wp-content\/uploads\/2025\/06\/IMG_9498-845x684-1.jpg\",\"datePublished\":\"2025-06-18T19:36:47+00:00\",\"dateModified\":\"2025-06-18T20:46:39+00:00\",\"breadcrumb\":{\"@id\":\"http:\/\/sradvogados.adv.br\/#breadcrumb\"},\"inLanguage\":\"en-US\",\"potentialAction\":[{\"@type\":\"ReadAction\",\"target\":[\"http:\/\/sradvogados.adv.br\/\"]}]},{\"@type\":\"ImageObject\",\"inLanguage\":\"en-US\",\"@id\":\"http:\/\/sradvogados.adv.br\/#primaryimage\",\"url\":\"http:\/\/sradvogados.adv.br\/wp-content\/uploads\/2025\/06\/IMG_9498-845x684-1.jpg\",\"contentUrl\":\"http:\/\/sradvogados.adv.br\/wp-content\/uploads\/2025\/06\/IMG_9498-845x684-1.jpg\"},{\"@type\":\"BreadcrumbList\",\"@id\":\"http:\/\/sradvogados.adv.br\/#breadcrumb\",\"itemListElement\":[{\"@type\":\"ListItem\",\"position\":1,\"name\":\"Home\",\"item\":\"http:\/\/sradvogados.adv.br\/\"},{\"@type\":\"ListItem\",\"position\":2,\"name\":\"Home\"}]},{\"@type\":\"WebSite\",\"@id\":\"http:\/\/sradvogados.adv.br\/#website\",\"url\":\"http:\/\/sradvogados.adv.br\/\",\"name\":\"Sradvogados\",\"description\":\"\",\"potentialAction\":[{\"@type\":\"SearchAction\",\"target\":{\"@type\":\"EntryPoint\",\"urlTemplate\":\"http:\/\/sradvogados.adv.br\/?s={search_term_string}\"},\"query-input\":{\"@type\":\"PropertyValueSpecification\",\"valueRequired\":true,\"valueName\":\"search_term_string\"}}],\"inLanguage\":\"en-US\"}]}<\/script>\n<!-- \/ Yoast SEO plugin. -->","yoast_head_json":{"title":"Home - Sradvogados","robots":{"index":"index","follow":"follow","max-snippet":"max-snippet:-1","max-image-preview":"max-image-preview:large","max-video-preview":"max-video-preview:-1"},"canonical":"http:\/\/sradvogados.adv.br\/","og_locale":"en_US","og_type":"article","og_title":"Home - Sradvogados","og_description":"SR ADVOGADOS ADVOCACIA EMPRESARIAL EFICAZ, OBJETIVA E COMPROMETIDA. Portif\u00f3lio Quem Somos Somos um escrit\u00f3rio de Advocacia Empresarial abrangente, com atua\u00e7\u00e3o tanto no contencioso de massa, como no contencioso espec\u00edfico e consultivo, com um quadro societ\u00e1rio ativo e atuante junto a clientes, f\u00f3runs e tribunais. Com estrutura s\u00f3lida e competente para atender as demandas empresariais nas [&hellip;]","og_url":"http:\/\/sradvogados.adv.br\/","og_site_name":"Sradvogados","article_modified_time":"2025-06-18T20:46:39+00:00","og_image":[{"url":"http:\/\/sradvogados.adv.br\/wp-content\/uploads\/2025\/06\/IMG_9498-845x684-1.jpg","type":"","width":"","height":""}],"twitter_card":"summary_large_image","twitter_misc":{"Est. reading time":"3 minutes"},"schema":{"@context":"https:\/\/schema.org","@graph":[{"@type":"WebPage","@id":"http:\/\/sradvogados.adv.br\/","url":"http:\/\/sradvogados.adv.br\/","name":"Home - Sradvogados","isPartOf":{"@id":"http:\/\/sradvogados.adv.br\/#website"},"primaryImageOfPage":{"@id":"http:\/\/sradvogados.adv.br\/#primaryimage"},"image":{"@id":"http:\/\/sradvogados.adv.br\/#primaryimage"},"thumbnailUrl":"http:\/\/sradvogados.adv.br\/wp-content\/uploads\/2025\/06\/IMG_9498-845x684-1.jpg","datePublished":"2025-06-18T19:36:47+00:00","dateModified":"2025-06-18T20:46:39+00:00","breadcrumb":{"@id":"http:\/\/sradvogados.adv.br\/#breadcrumb"},"inLanguage":"en-US","potentialAction":[{"@type":"ReadAction","target":["http:\/\/sradvogados.adv.br\/"]}]},{"@type":"ImageObject","inLanguage":"en-US","@id":"http:\/\/sradvogados.adv.br\/#primaryimage","url":"http:\/\/sradvogados.adv.br\/wp-content\/uploads\/2025\/06\/IMG_9498-845x684-1.jpg","contentUrl":"http:\/\/sradvogados.adv.br\/wp-content\/uploads\/2025\/06\/IMG_9498-845x684-1.jpg"},{"@type":"BreadcrumbList","@id":"http:\/\/sradvogados.adv.br\/#breadcrumb","itemListElement":[{"@type":"ListItem","position":1,"name":"Home","item":"http:\/\/sradvogados.adv.br\/"},{"@type":"ListItem","position":2,"name":"Home"}]},{"@type":"WebSite","@id":"http:\/\/sradvogados.adv.br\/#website","url":"http:\/\/sradvogados.adv.br\/","name":"Sradvogados","description":"","potentialAction":[{"@type":"SearchAction","target":{"@type":"EntryPoint","urlTemplate":"http:\/\/sradvogados.adv.br\/?s={search_term_string}"},"query-input":{"@type":"PropertyValueSpecification","valueRequired":true,"valueName":"search_term_string"}}],"inLanguage":"en-US"}]}},"_links":{"self":[{"href":"https:\/\/sradvogados.adv.br\/index.php\/wp-json\/wp\/v2\/pages\/27","targetHints":{"allow":["GET"]}}],"collection":[{"href":"https:\/\/sradvogados.adv.br\/index.php\/wp-json\/wp\/v2\/pages"}],"about":[{"href":"https:\/\/sradvogados.adv.br\/index.php\/wp-json\/wp\/v2\/types\/page"}],"author":[{"embeddable":true,"href":"https:\/\/sradvogados.adv.br\/index.php\/wp-json\/wp\/v2\/users\/1"}],"replies":[{"embeddable":true,"href":"https:\/\/sradvogados.adv.br\/index.php\/wp-json\/wp\/v2\/comments?post=27"}],"version-history":[{"count":91,"href":"https:\/\/sradvogados.adv.br\/index.php\/wp-json\/wp\/v2\/pages\/27\/revisions"}],"predecessor-version":[{"id":135,"href":"https:\/\/sradvogados.adv.br\/index.php\/wp-json\/wp\/v2\/pages\/27\/revisions\/135"}],"wp:attachment":[{"href":"https:\/\/sradvogados.adv.br\/index.php\/wp-json\/wp\/v2\/media?parent=27"}],"curies":[{"name":"wp","href":"https:\/\/api.w.org\/{rel}","templated":true}]}}